{"id":2111,"date":"2024-07-01T08:00:52","date_gmt":"2024-07-01T13:00:52","guid":{"rendered":"https:\/\/www.metagroup.es\/?page_id=2111"},"modified":"2024-07-01T08:01:49","modified_gmt":"2024-07-01T13:01:49","slug":"aviso-legal","status":"publish","type":"page","link":"https:\/\/www.metagroup.es\/?page_id=2111","title":{"rendered":"Aviso legal"},"content":{"rendered":"\t\t<div data-elementor-type=\"wp-page\" data-elementor-id=\"2111\" class=\"elementor elementor-2111\" data-elementor-post-type=\"page\">\n\t\t\t\t<div class=\"elementor-element elementor-element-7040e073 e-flex e-con-boxed e-con e-parent\" data-id=\"7040e073\" data-element_type=\"container\" data-e-type=\"container\">\n\t\t\t\t\t<div class=\"e-con-inner\">\n\t\t\t\t<div class=\"elementor-element elementor-element-5d1af626 elementor-widget elementor-widget-text-editor\" data-id=\"5d1af626\" data-element_type=\"widget\" data-e-type=\"widget\" data-widget_type=\"text-editor.default\">\n\t\t\t\t<div class=\"elementor-widget-container\">\n\t\t\t\t\t\t\t\t\t<h3>AVISO LEGAL<br \/><br \/><\/h3><p>Por favor, lea todos los apartados del presente Aviso Legal antes de utilizar este sitio web. Las siguientes condiciones son vinculantes para cualquier usuario del mismo.<br \/>La raz\u00f3n de este texto es explicarle de manera detallada las funcionalidades de esta web y aportarle aquella informaci\u00f3n relacionada con el titular de la web y la finalidad de los contenidos incluidos en ella.<\/p><p><strong>DATOS IDENTIFICACI\u00d3N<\/strong><br \/>El presente Aviso Legal regula el uso del servicio del sitio web, inform\u00e1ndole de los siguientes extremos:<\/p><p><strong>Nombre de la empresa:<\/strong> METAGROUP COLOMBIA S.A.S.<br \/><strong>Direcci\u00f3n:<\/strong> C\/ Carrera 54 75 AB SUR 220 LA ESTRELLA, MEDELL\u00cdN, ANTIOQUIA, COLOMBIA.<br \/><strong>Correo Electr\u00f3nico:<\/strong> <a href=\"mailto:ggranda@metagroup.es\">ggranda@metagroup.es<\/a> o \u00a0<a href=\"mailto:info@metagroup.es\">info@metagroup.es<\/a><br \/><strong>Tel\u00e9fono de contacto:<\/strong> 3792000 o 3004773775<br \/><strong>NIT:<\/strong> 901055136-8<br \/><strong>Datos Registrales: <\/strong>C\u00e1mara de Comercio de Medell\u00edn para Antioquia. Matr\u00edcula n\u00ba 21-599360-12 Fecha de expedici\u00f3n: 15\/02\/2023 &#8211; 6:47:02 PM Recibo No.: 0023892533<\/p><p><strong>USO DEL SITIO WEB Y OBLIGACIONES DE LOS USUARIOS.<\/strong><br \/>El usuario se compromete a utilizar el sitio web, el contenido y servicios, sin contravenir la legislaci\u00f3n vigente, los usos generalmente aceptados y el orden p\u00fablico. Queda prohibido el uso del sitio web con fines il\u00edcitos o lesivos contra METAGROUP COLOMBIA S.A.S. o un tercero, que, de cualquier forma, puedan causar perjuicio o impedir el normal uso del sitio web.<\/p><p>METAGROUP COLOMBIA S.A.S. garantiza que los contenidos y servicios que ofrece el portal respetan el principio de dignidad de la persona, de protecci\u00f3n de la juventud y la infancia, de no-discriminaci\u00f3n por motivos de raza, sexo, religi\u00f3n, opini\u00f3n, nacionalidad, discapacidad o cualquier otro aspecto personal y social.<\/p><p>Las presentes Condiciones Generales de Uso del sitio web no confieren al usuario ning\u00fan otro derecho de uso, alteraci\u00f3n, explotaci\u00f3n, reproducci\u00f3n, distribuci\u00f3n o comunicaci\u00f3n p\u00fablica de los contenidos del sitio web distintos de los aqu\u00ed expresamente previstos.<\/p><p>Los contenidos (informaci\u00f3n, archivos de sonido y\/o imagen, fotograf\u00edas, dise\u00f1os, etc.) recogidos en el portal, son propiedad de METAGROUP COLOMBIA S.A.S. o la misma se encuentra debidamente autorizada para su difusi\u00f3n por sus leg\u00edtimos titulares.<\/p><p>METAGROUP COLOMBIA S.A.S. se compromete a no realizar publicidad enga\u00f1osa y, por tanto, queda prohibido:<\/p><ul><li>El uso para todo tipo de fines comerciales o publicitarios, distintos de los estrictamente permitidos.<\/li><li>Su reproducci\u00f3n, publicaci\u00f3n, distribuci\u00f3n o modificaci\u00f3n, total o parcial a menos que se cuente con la autorizaci\u00f3n previa y por escrito de sus leg\u00edtimos titulares o resulte legalmente permitido.<\/li><li>Cualquier vulneraci\u00f3n de los derechos de METAGROUP COLOMBIA S.A.S. o de sus leg\u00edtimos titulares sobre los mismos.<\/li><\/ul><p><strong>PROPIEDAD INTELECTUAL E INDUSTRIAL<\/strong><br \/>El usuario reconoce y acepta que todos los derechos de propiedad industrial e intelectual sobre los contenidos y\/o cualesquiera otros elementos insertados en el sitio web pertenecen a METAGROUP COLOMBIA S.A.S. o la misma se encuentra debidamente autorizada para su difusi\u00f3n en el presente website.<\/p><p>En el caso de que un usuario o un tercero consideren que se ha producido una violaci\u00f3n de sus leg\u00edtimos derechos de propiedad intelectual por la introducci\u00f3n de un determinado contenido en el website, deber\u00e1 notificar dicha circunstancia a METAGROUP COLOMBIA S.A.S. indicando:<\/p><ul><li>Datos del titular de los derechos presuntamente infringidos, o indicar la representaci\u00f3n con la que act\u00faa en caso de que la reclamaci\u00f3n la presente un tercero distinto del interesado.<\/li><li>Se\u00f1alar los contenidos protegidos por los derechos de propiedad intelectual y su ubicaci\u00f3n en el Web, la acreditaci\u00f3n de los derechos de propiedad intelectual se\u00f1alados y declaraci\u00f3n expresa en la que el interesado se responsabiliza de la veracidad de las informaciones facilitadas en la notificaci\u00f3n.<\/li><\/ul><p><strong>ENLACES<\/strong><br \/>El presente sitio web proporciona enlaces a otros sitios web propios y contenidos que son propiedad de terceros.<\/p><p>El \u00fanico objeto de los enlaces es proporcionar al usuario la posibilidad de acceder a dichos enlaces. METAGROUP COLOMBIA S.A.S. no se responsabiliza en ning\u00fan caso de los resultados que puedan derivarse al usuario por el acceso a dichos enlaces.<\/p><p>El usuario que se proponga establecer cualquier dispositivo t\u00e9cnico de enlace desde su sitio web al portal deber\u00e1 obtener la autorizaci\u00f3n previa y escrita de METAGROUP COLOMBIA S.A.S. El establecimiento del enlace no implica en ning\u00fan caso la existencia de relaciones entre METAGROUP COLOMBIA S.A.S. y el propietario del sitio en el que se establezca el enlace, ni la aceptaci\u00f3n o aprobaci\u00f3n por parte de METAGROUP COLOMBIA S.A.S. de sus contenidos o servicios.<\/p><p>El sitio web en el que se establezca el enlace no contendr\u00e1 ninguna marca, denominaci\u00f3n, logotipo, eslogan u otros signos distintivos pertenecientes a METAGROUP COLOMBIA S.A.S., salvo los expresamente autorizados.<br \/><br \/><strong>MODIFICACI\u00d3N UNILATERAL Y DURACI\u00d3N<\/strong><br \/>METAGROUP COLOMBIA S.A.S. se reserva el derecho de modificar, en cualquier momento y sin necesidad de previo aviso, la presentaci\u00f3n y configuraci\u00f3n del sitio web, as\u00ed como el presente Aviso Legal.<\/p><p>EXCLUSI\u00d3N DE GARANT\u00cdAS Y RESPONSABILIDAD<\/p><p>METAGROUP COLOMBIA S.A.S. no otorga ninguna garant\u00eda ni se hace responsable, en ning\u00fan caso, de los da\u00f1os y perjuicios de cualquier naturaleza que pudieran acarrear a causa de:<\/p><ul><li>La falta disponibilidad, mantenimiento y efectivo funcionamiento del Web y\/o de sus servicios o contenidos.<\/li><li>La existencia de virus, programas maliciosos o lesivos en los contenidos.<\/li><li>El uso il\u00edcito, negligente, fraudulento, contrario a las presentes condiciones, a la buena fe, a los usos generalmente aceptados o al orden p\u00fablico, del sitio Web, sus servicios o contenidos, por parte de los usuarios.<\/li><\/ul><p><strong>TRATAMIENTO DE DATOS PERSONALES<\/strong><br \/>METAGROUP COLOMBIA S.A.S. tal y como recoge en su \u201cPOL\u00cdTICA DE PRIVACIDAD\u201d que puede consultar en este sitio web, ha adoptado los niveles de seguridad adecuados a los datos que trata y gestiona, incorporando todos los medios y medidas t\u00e9cnicas a su alcance para garantizar su confidencialidad, evitar su mal uso, p\u00e9rdida, alteraci\u00f3n, acceso no autorizado y robo.<\/p><p><strong>LEGISLACI\u00d3N APLICABLE Y JURISDICCI\u00d3N<\/strong><br \/>Para la resoluci\u00f3n de todas las controversias o cuestiones relacionadas con el presente sitio web o de las actividades en \u00e9l desarrolladas, ser\u00e1 de aplicaci\u00f3n la legislaci\u00f3n espa\u00f1ola, a la que se someten expresamente las partes, siendo competentes para la resoluci\u00f3n de todos los conflictos derivados o relacionados con su uso, los Juzgados y Tribunales del domicilio del demandante que se identifique como consumidor, en caso contrario los Juzgados y Tribunales competentes ser\u00e1n los de la ciudad de Medell\u00edn (Colombia).<\/p><p><strong>CONTACTO<\/strong><br \/>En caso de que cualquier usuario tuviese alguna duda acerca del presente aviso legal o cualquier comentario sobre el mismo puede dirigirse a <a href=\"mailto:ggranda@metagroup.es\">ggranda@metagroup.es<\/a> o \u00a0<a href=\"mailto:info@metagroup.es\">info@metagroup.es<\/a> o enviar una comunicaci\u00f3n escrita a la direcci\u00f3n que consta en el encabezado.<\/p>\t\t\t\t\t\t\t\t<\/div>\n\t\t\t\t<\/div>\n\t\t\t\t\t<\/div>\n\t\t\t\t<\/div>\n\t\t\t\t<\/div>\n\t\t","protected":false},"excerpt":{"rendered":"<p>AVISO LEGAL Por favor, lea todos los apartados del presente Aviso Legal antes de utilizar este sitio web. Las siguientes condiciones son vinculantes para cualquier<\/p>\n","protected":false},"author":1,"featured_media":0,"parent":0,"menu_order":0,"comment_status":"closed","ping_status":"closed","template":"elementor_header_footer","meta":{"footnotes":""},"class_list":["post-2111","page","type-page","status-publish","hentry"],"yoast_head":"<!-- This site is optimized with the Yoast SEO plugin v25.6 - https:\/\/yoast.com\/wordpress\/plugins\/seo\/ -->\n<title>Aviso legal - Metagroup<\/title>\n<meta name=\"robots\" content=\"index, follow, max-snippet:-1, max-image-preview:large, max-video-preview:-1\" \/>\n<link rel=\"canonical\" href=\"https:\/\/www.metagroup.es\/?page_id=2111\" \/>\n<meta property=\"og:locale\" content=\"es_ES\" \/>\n<meta property=\"og:type\" content=\"article\" \/>\n<meta property=\"og:title\" content=\"Aviso legal - Metagroup\" \/>\n<meta property=\"og:description\" content=\"AVISO LEGAL Por favor, lea todos los apartados del presente Aviso Legal antes de utilizar este sitio web. Las siguientes condiciones son vinculantes para cualquier\" \/>\n<meta property=\"og:url\" content=\"https:\/\/www.metagroup.es\/?page_id=2111\" \/>\n<meta property=\"og:site_name\" content=\"Metagroup\" \/>\n<meta property=\"article:modified_time\" content=\"2024-07-01T13:01:49+00:00\" \/>\n<meta name=\"twitter:card\" content=\"summary_large_image\" \/>\n<meta name=\"twitter:label1\" content=\"Tiempo de lectura\" \/>\n\t<meta name=\"twitter:data1\" content=\"5 minutos\" \/>\n<script type=\"application\/ld+json\" class=\"yoast-schema-graph\">{\"@context\":\"https:\/\/schema.org\",\"@graph\":[{\"@type\":\"WebPage\",\"@id\":\"https:\/\/www.metagroup.es\/?page_id=2111\",\"url\":\"https:\/\/www.metagroup.es\/?page_id=2111\",\"name\":\"Aviso legal - Metagroup\",\"isPartOf\":{\"@id\":\"https:\/\/www.metagroup.es\/#website\"},\"datePublished\":\"2024-07-01T13:00:52+00:00\",\"dateModified\":\"2024-07-01T13:01:49+00:00\",\"breadcrumb\":{\"@id\":\"https:\/\/www.metagroup.es\/?page_id=2111#breadcrumb\"},\"inLanguage\":\"es\",\"potentialAction\":[{\"@type\":\"ReadAction\",\"target\":[\"https:\/\/www.metagroup.es\/?page_id=2111\"]}]},{\"@type\":\"BreadcrumbList\",\"@id\":\"https:\/\/www.metagroup.es\/?page_id=2111#breadcrumb\",\"itemListElement\":[{\"@type\":\"ListItem\",\"position\":1,\"name\":\"Portada\",\"item\":\"https:\/\/www.metagroup.es\/\"},{\"@type\":\"ListItem\",\"position\":2,\"name\":\"Aviso legal\"}]},{\"@type\":\"WebSite\",\"@id\":\"https:\/\/www.metagroup.es\/#website\",\"url\":\"https:\/\/www.metagroup.es\/\",\"name\":\"Metagroup\",\"description\":\"\",\"publisher\":{\"@id\":\"https:\/\/www.metagroup.es\/#organization\"},\"potentialAction\":[{\"@type\":\"SearchAction\",\"target\":{\"@type\":\"EntryPoint\",\"urlTemplate\":\"https:\/\/www.metagroup.es\/?s={search_term_string}\"},\"query-input\":{\"@type\":\"PropertyValueSpecification\",\"valueRequired\":true,\"valueName\":\"search_term_string\"}}],\"inLanguage\":\"es\"},{\"@type\":\"Organization\",\"@id\":\"https:\/\/www.metagroup.es\/#organization\",\"name\":\"Metagroup\",\"url\":\"https:\/\/www.metagroup.es\/\",\"logo\":{\"@type\":\"ImageObject\",\"inLanguage\":\"es\",\"@id\":\"https:\/\/www.metagroup.es\/#\/schema\/logo\/image\/\",\"url\":\"https:\/\/www.metagroup.es\/wp-content\/uploads\/2024\/03\/logo-horizontal-metagroup-propusta-copia-22.svg\",\"contentUrl\":\"https:\/\/www.metagroup.es\/wp-content\/uploads\/2024\/03\/logo-horizontal-metagroup-propusta-copia-22.svg\",\"caption\":\"Metagroup\"},\"image\":{\"@id\":\"https:\/\/www.metagroup.es\/#\/schema\/logo\/image\/\"}}]}<\/script>\n<!-- \/ Yoast SEO plugin. -->","yoast_head_json":{"title":"Aviso legal - Metagroup","robots":{"index":"index","follow":"follow","max-snippet":"max-snippet:-1","max-image-preview":"max-image-preview:large","max-video-preview":"max-video-preview:-1"},"canonical":"https:\/\/www.metagroup.es\/?page_id=2111","og_locale":"es_ES","og_type":"article","og_title":"Aviso legal - Metagroup","og_description":"AVISO LEGAL Por favor, lea todos los apartados del presente Aviso Legal antes de utilizar este sitio web. Las siguientes condiciones son vinculantes para cualquier","og_url":"https:\/\/www.metagroup.es\/?page_id=2111","og_site_name":"Metagroup","article_modified_time":"2024-07-01T13:01:49+00:00","twitter_card":"summary_large_image","twitter_misc":{"Tiempo de lectura":"5 minutos"},"schema":{"@context":"https:\/\/schema.org","@graph":[{"@type":"WebPage","@id":"https:\/\/www.metagroup.es\/?page_id=2111","url":"https:\/\/www.metagroup.es\/?page_id=2111","name":"Aviso legal - Metagroup","isPartOf":{"@id":"https:\/\/www.metagroup.es\/#website"},"datePublished":"2024-07-01T13:00:52+00:00","dateModified":"2024-07-01T13:01:49+00:00","breadcrumb":{"@id":"https:\/\/www.metagroup.es\/?page_id=2111#breadcrumb"},"inLanguage":"es","potentialAction":[{"@type":"ReadAction","target":["https:\/\/www.metagroup.es\/?page_id=2111"]}]},{"@type":"BreadcrumbList","@id":"https:\/\/www.metagroup.es\/?page_id=2111#breadcrumb","itemListElement":[{"@type":"ListItem","position":1,"name":"Portada","item":"https:\/\/www.metagroup.es\/"},{"@type":"ListItem","position":2,"name":"Aviso legal"}]},{"@type":"WebSite","@id":"https:\/\/www.metagroup.es\/#website","url":"https:\/\/www.metagroup.es\/","name":"Metagroup","description":"","publisher":{"@id":"https:\/\/www.metagroup.es\/#organization"},"potentialAction":[{"@type":"SearchAction","target":{"@type":"EntryPoint","urlTemplate":"https:\/\/www.metagroup.es\/?s={search_term_string}"},"query-input":{"@type":"PropertyValueSpecification","valueRequired":true,"valueName":"search_term_string"}}],"inLanguage":"es"},{"@type":"Organization","@id":"https:\/\/www.metagroup.es\/#organization","name":"Metagroup","url":"https:\/\/www.metagroup.es\/","logo":{"@type":"ImageObject","inLanguage":"es","@id":"https:\/\/www.metagroup.es\/#\/schema\/logo\/image\/","url":"https:\/\/www.metagroup.es\/wp-content\/uploads\/2024\/03\/logo-horizontal-metagroup-propusta-copia-22.svg","contentUrl":"https:\/\/www.metagroup.es\/wp-content\/uploads\/2024\/03\/logo-horizontal-metagroup-propusta-copia-22.svg","caption":"Metagroup"},"image":{"@id":"https:\/\/www.metagroup.es\/#\/schema\/logo\/image\/"}}]}},"_links":{"self":[{"href":"https:\/\/www.metagroup.es\/index.php?rest_route=\/wp\/v2\/pages\/2111","targetHints":{"allow":["GET"]}}],"collection":[{"href":"https:\/\/www.metagroup.es\/index.php?rest_route=\/wp\/v2\/pages"}],"about":[{"href":"https:\/\/www.metagroup.es\/index.php?rest_route=\/wp\/v2\/types\/page"}],"author":[{"embeddable":true,"href":"https:\/\/www.metagroup.es\/index.php?rest_route=\/wp\/v2\/users\/1"}],"replies":[{"embeddable":true,"href":"https:\/\/www.metagroup.es\/index.php?rest_route=%2Fwp%2Fv2%2Fcomments&post=2111"}],"version-history":[{"count":5,"href":"https:\/\/www.metagroup.es\/index.php?rest_route=\/wp\/v2\/pages\/2111\/revisions"}],"predecessor-version":[{"id":2116,"href":"https:\/\/www.metagroup.es\/index.php?rest_route=\/wp\/v2\/pages\/2111\/revisions\/2116"}],"wp:attachment":[{"href":"https:\/\/www.metagroup.es\/index.php?rest_route=%2Fwp%2Fv2%2Fmedia&parent=2111"}],"curies":[{"name":"wp","href":"https:\/\/api.w.org\/{rel}","templated":true}]}}