{"id":2118,"date":"2024-07-01T08:22:28","date_gmt":"2024-07-01T13:22:28","guid":{"rendered":"https:\/\/www.metagroup.es\/?page_id=2118"},"modified":"2024-07-01T08:25:10","modified_gmt":"2024-07-01T13:25:10","slug":"politica-de-cookies","status":"publish","type":"page","link":"https:\/\/www.metagroup.es\/?page_id=2118","title":{"rendered":"Politica de Cookies"},"content":{"rendered":"\t\t<div data-elementor-type=\"wp-page\" data-elementor-id=\"2118\" class=\"elementor elementor-2118\" data-elementor-post-type=\"page\">\n\t\t\t\t<div class=\"elementor-element elementor-element-7040e073 e-flex e-con-boxed e-con e-parent\" data-id=\"7040e073\" data-element_type=\"container\" data-e-type=\"container\">\n\t\t\t\t\t<div class=\"e-con-inner\">\n\t\t\t\t<div class=\"elementor-element elementor-element-5d1af626 elementor-widget elementor-widget-text-editor\" data-id=\"5d1af626\" data-element_type=\"widget\" data-e-type=\"widget\" data-widget_type=\"text-editor.default\">\n\t\t\t\t<div class=\"elementor-widget-container\">\n\t\t\t\t\t\t\t\t\t<p><strong>DEFINICI\u00d3N DE COOKIES<\/strong><br \/>Las cookies son identificadores que enviamos al disco duro de su ordenador a trav\u00e9s de su navegador Web con el fin de que nuestros sistemas puedan reconocer su navegador y ofrecerle ciertos servicios.<\/p><div class=\"elementor-element elementor-element-5451c0e elementor-widget elementor-widget-text-editor\" data-id=\"5451c0e\" data-element_type=\"widget\" data-widget_type=\"text-editor.default\"><div class=\"elementor-widget-container\"><p>Esta p\u00e1gina utiliza tipos diferentes de cookies. Algunas cookies son colocadas por servicios de terceros que aparecen en nuestras p\u00e1ginas.<\/p><\/div><\/div><div class=\"elementor-element elementor-element-c35f778 elementor-widget elementor-widget-text-editor\" data-id=\"c35f778\" data-element_type=\"widget\" data-widget_type=\"text-editor.default\"><div class=\"elementor-widget-container\"><p>A continuaci\u00f3n indicamos las cookies que utiliza la p\u00e1gina www.zambudio.es<\/p><\/div><\/div><div class=\"elementor-element elementor-element-2f3dfa6 elementor-widget elementor-widget-heading\" data-id=\"2f3dfa6\" data-element_type=\"widget\" data-widget_type=\"heading.default\"><div class=\"elementor-widget-container\"><strong>COOKIES UTILIZADAS<\/strong><\/div><\/div><div class=\"elementor-element elementor-element-b7f9e79 elementor-widget elementor-widget-heading\" data-id=\"b7f9e79\" data-element_type=\"widget\" data-widget_type=\"heading.default\"><div class=\"elementor-widget-container\"><h6 class=\"elementor-heading-title elementor-size-default\">Cookies necesarias<\/h6><\/div><\/div><div class=\"elementor-element elementor-element-6a87c91 elementor-widget elementor-widget-text-editor\" data-id=\"6a87c91\" data-element_type=\"widget\" data-widget_type=\"text-editor.default\"><div class=\"elementor-widget-container\"><p>Las cookies necesarias ayudan a hacer una p\u00e1gina web utilizable activando funciones b\u00e1sicas como la navegaci\u00f3n en la p\u00e1gina y el acceso a \u00e1reas seguras de la p\u00e1gina web. La p\u00e1gina web no puede funcionar adecuadamente sin estas cookies.<\/p><\/div><\/div><div class=\"elementor-element elementor-element-03708d5 elementor-widget elementor-widget-text-editor\" data-id=\"03708d5\" data-element_type=\"widget\" data-widget_type=\"text-editor.default\"><div class=\"elementor-widget-container\"><p>Nombre | Proveedor | Prop\u00f3sito | Caducidad<br \/>cookie-agreed | | Saber si por ejemplo el usuario ha aceptado la advertencia de las cookies. | 3 meses<\/p><\/div><\/div><div class=\"elementor-element elementor-element-241ccc1 elementor-widget elementor-widget-heading\" data-id=\"241ccc1\" data-element_type=\"widget\" data-widget_type=\"heading.default\"><div class=\"elementor-widget-container\"><h6 class=\"elementor-heading-title elementor-size-default\">Cookies de preferencias<\/h6><\/div><\/div><div class=\"elementor-element elementor-element-25bcf19 elementor-widget elementor-widget-text-editor\" data-id=\"25bcf19\" data-element_type=\"widget\" data-widget_type=\"text-editor.default\"><div class=\"elementor-widget-container\"><p>Las cookies de preferencias permiten a la p\u00e1gina web recordar informaci\u00f3n que cambia la forma en que la p\u00e1gina se comporta o el aspecto que tiene, como su idioma preferido o la regi\u00f3n en la que usted se encuentra.<\/p><\/div><\/div><div class=\"elementor-element elementor-element-6070c9f elementor-widget elementor-widget-heading\" data-id=\"6070c9f\" data-element_type=\"widget\" data-widget_type=\"heading.default\"><div class=\"elementor-widget-container\"><h6 class=\"elementor-heading-title elementor-size-default\">Cookies de estad\u00edsticas<\/h6><\/div><\/div><div class=\"elementor-element elementor-element-2be8676 elementor-widget elementor-widget-text-editor\" data-id=\"2be8676\" data-element_type=\"widget\" data-widget_type=\"text-editor.default\"><div class=\"elementor-widget-container\"><p>Las cookies estad\u00edsticas ayudan a los propietarios de p\u00e1ginas web a comprender c\u00f3mo interact\u00faan los visitantes con las p\u00e1ginas web reuniendo y proporcionando informaci\u00f3n de forma an\u00f3nima.<\/p><\/div><\/div><div class=\"elementor-element elementor-element-92a1616 elementor-widget elementor-widget-text-editor\" data-id=\"92a1616\" data-element_type=\"widget\" data-widget_type=\"text-editor.default\"><div class=\"elementor-widget-container\"><p>Nombre | Proveedor | Prop\u00f3sito | Caducidad<br \/>_ga | | Registra una identificaci\u00f3n \u00fanica que se utiliza para generar datos estad\u00edsticos acerca de c\u00f3mo utiliza el visitante el sitio web | 2 a\u00f1os<br \/>_gid | | Registra una identificaci\u00f3n \u00fanica que se utiliza para generar datos estad\u00edsticos acerca de c\u00f3mo utiliza el visitante el sitio web | 1 d\u00eda<br \/>_gat | | Se usa para limitar el porcentaje de solicitudes | Cookie de sesi\u00f3n<\/p><\/div><\/div><div class=\"elementor-element elementor-element-20796a3 elementor-widget elementor-widget-heading\" data-id=\"20796a3\" data-element_type=\"widget\" data-widget_type=\"heading.default\"><div class=\"elementor-widget-container\"><h6 class=\"elementor-heading-title elementor-size-default\">Cookies de m\u00e1rketing<\/h6><\/div><\/div><div class=\"elementor-element elementor-element-08f08ea elementor-widget elementor-widget-text-editor\" data-id=\"08f08ea\" data-element_type=\"widget\" data-widget_type=\"text-editor.default\"><div class=\"elementor-widget-container\"><p>Las cookies de marketing se utilizan para rastrear a los visitantes en las p\u00e1ginas web. La intenci\u00f3n es mostrar anuncios relevantes y atractivos para el usuario individual, y por lo tanto, m\u00e1s valiosos para los editores y terceros anunciantes.<\/p><\/div><\/div><div class=\"elementor-element elementor-element-8f1460f elementor-widget elementor-widget-heading\" data-id=\"8f1460f\" data-element_type=\"widget\" data-widget_type=\"heading.default\"><div class=\"elementor-widget-container\"><h5 class=\"elementor-heading-title elementor-size-default\">C\u00d3MO DESHABILITAR LAS COOKIES EN LOS PRINCIPALES NAVEGADORES<\/h5><\/div><\/div><div class=\"elementor-element elementor-element-47a739b elementor-widget elementor-widget-text-editor\" data-id=\"47a739b\" data-element_type=\"widget\" data-widget_type=\"text-editor.default\"><div class=\"elementor-widget-container\"><p>Normalmente es posible dejar de aceptar las Cookies del navegador, o dejar de aceptar las Cookies de un Servicio en particular.<\/p><\/div><\/div><div class=\"elementor-element elementor-element-206fd95 elementor-widget elementor-widget-text-editor\" data-id=\"206fd95\" data-element_type=\"widget\" data-widget_type=\"text-editor.default\"><div class=\"elementor-widget-container\"><p>Todos los navegadores modernos permiten cambiar la configuraci\u00f3n de Cookies. Estos ajustes normalmente se encuentra en las \u2018opciones\u2019 o \u2018Preferencias\u2019 del men\u00fa de su navegador. Asimismo, puede configurar su navegador o su gestor de correo electr\u00f3nico.<\/p><\/div><\/div><div class=\"elementor-element elementor-element-1b621d7 elementor-widget elementor-widget-text-editor\" data-id=\"1b621d7\" data-element_type=\"widget\" data-widget_type=\"text-editor.default\"><div class=\"elementor-widget-container\"><p>A continuaci\u00f3n se ofrece orientaci\u00f3n al Usuario sobre los pasos para acceder al men\u00fa de configuraci\u00f3n de las cookies y, en su caso, de la navegaci\u00f3n privada en cada uno de los navegadores principales:<\/p><\/div><\/div><div class=\"elementor-element elementor-element-74366bc elementor-widget elementor-widget-text-editor\" data-id=\"74366bc\" data-element_type=\"widget\" data-widget_type=\"text-editor.default\"><div class=\"elementor-widget-container\"><p>Internet Explorer: Herramientas -&gt; Opciones de Internet -&gt; Privacidad -&gt; Configuraci\u00f3n. Para m\u00e1s informaci\u00f3n, puede consultar el soporte de Microsoft o la Ayuda del navegador.<\/p><\/div><\/div><div class=\"elementor-element elementor-element-1cac058 elementor-widget elementor-widget-text-editor\" data-id=\"1cac058\" data-element_type=\"widget\" data-widget_type=\"text-editor.default\"><div class=\"elementor-widget-container\"><p>Firefox: Herramientas -&gt; Opciones -&gt; Privacidad -&gt; Historial -&gt; Configuraci\u00f3n Personalizada. Para m\u00e1s informaci\u00f3n, puede consultar el soporte de Mozilla o la Ayuda del navegador.<\/p><\/div><\/div><div class=\"elementor-element elementor-element-bb2e4b1 elementor-widget elementor-widget-text-editor\" data-id=\"bb2e4b1\" data-element_type=\"widget\" data-widget_type=\"text-editor.default\"><div class=\"elementor-widget-container\"><p>Chrome: Configuraci\u00f3n -&gt; Mostrar opciones avanzadas -&gt; Privacidad -&gt; Configuraci\u00f3n de contenido. Para m\u00e1s informaci\u00f3n, puede consultar el soporte de Google o la Ayuda del navegador.<\/p><\/div><\/div><div class=\"elementor-element elementor-element-5c28be3 elementor-widget elementor-widget-text-editor\" data-id=\"5c28be3\" data-element_type=\"widget\" data-widget_type=\"text-editor.default\"><div class=\"elementor-widget-container\"><p>Safari: Preferencias -&gt; Seguridad. Para m\u00e1s informaci\u00f3n, puede consultar el soporte de Apple o la Ayuda del navegador.<\/p><\/div><\/div><div class=\"elementor-element elementor-element-48c1654 elementor-widget elementor-widget-heading\" data-id=\"48c1654\" data-element_type=\"widget\" data-widget_type=\"heading.default\"><div class=\"elementor-widget-container\"><h5 class=\"elementor-heading-title elementor-size-default\">\u00bfQU\u00c9 OCURRE SI SE DESHABILITAN LAS COOKIES?<\/h5><\/div><\/div><div class=\"elementor-element elementor-element-089a34c elementor-widget elementor-widget-text-editor\" data-id=\"089a34c\" data-element_type=\"widget\" data-widget_type=\"text-editor.default\"><div class=\"elementor-widget-container\"><section><div class=\"container\"><div class=\"row\"><div class=\"col-md-12\"><p>Algunas funcionalidades de los Servicios quedar\u00e1n deshabilitados como, por ejemplo, permanecer identificado, mantener las compras en el \u201ccarrito de la compra\u201d, etc.<\/p><\/div><\/div><\/div><\/section><\/div><\/div>\t\t\t\t\t\t\t\t<\/div>\n\t\t\t\t<\/div>\n\t\t\t\t\t<\/div>\n\t\t\t\t<\/div>\n\t\t\t\t<\/div>\n\t\t","protected":false},"excerpt":{"rendered":"<p>DEFINICI\u00d3N DE COOKIESLas cookies son identificadores que enviamos al disco duro de su ordenador a trav\u00e9s de su navegador Web con el fin de que<\/p>\n","protected":false},"author":1,"featured_media":0,"parent":0,"menu_order":0,"comment_status":"closed","ping_status":"closed","template":"elementor_header_footer","meta":{"footnotes":""},"class_list":["post-2118","page","type-page","status-publish","hentry"],"yoast_head":"<!-- This site is optimized with the Yoast SEO plugin v25.6 - https:\/\/yoast.com\/wordpress\/plugins\/seo\/ -->\n<title>Politica de Cookies - Metagroup<\/title>\n<meta name=\"robots\" content=\"index, follow, max-snippet:-1, max-image-preview:large, max-video-preview:-1\" \/>\n<link rel=\"canonical\" href=\"https:\/\/www.metagroup.es\/?page_id=2118\" \/>\n<meta property=\"og:locale\" content=\"es_ES\" \/>\n<meta property=\"og:type\" content=\"article\" \/>\n<meta property=\"og:title\" content=\"Politica de Cookies - Metagroup\" \/>\n<meta property=\"og:description\" content=\"DEFINICI\u00d3N DE COOKIESLas cookies son identificadores que enviamos al disco duro de su ordenador a trav\u00e9s de su navegador Web con el fin de que\" \/>\n<meta property=\"og:url\" content=\"https:\/\/www.metagroup.es\/?page_id=2118\" \/>\n<meta property=\"og:site_name\" content=\"Metagroup\" \/>\n<meta property=\"article:modified_time\" content=\"2024-07-01T13:25:10+00:00\" \/>\n<meta name=\"twitter:card\" content=\"summary_large_image\" \/>\n<meta name=\"twitter:label1\" content=\"Tiempo de lectura\" \/>\n\t<meta name=\"twitter:data1\" content=\"5 minutos\" \/>\n<script type=\"application\/ld+json\" class=\"yoast-schema-graph\">{\"@context\":\"https:\/\/schema.org\",\"@graph\":[{\"@type\":\"WebPage\",\"@id\":\"https:\/\/www.metagroup.es\/?page_id=2118\",\"url\":\"https:\/\/www.metagroup.es\/?page_id=2118\",\"name\":\"Politica de Cookies - Metagroup\",\"isPartOf\":{\"@id\":\"https:\/\/www.metagroup.es\/#website\"},\"datePublished\":\"2024-07-01T13:22:28+00:00\",\"dateModified\":\"2024-07-01T13:25:10+00:00\",\"breadcrumb\":{\"@id\":\"https:\/\/www.metagroup.es\/?page_id=2118#breadcrumb\"},\"inLanguage\":\"es\",\"potentialAction\":[{\"@type\":\"ReadAction\",\"target\":[\"https:\/\/www.metagroup.es\/?page_id=2118\"]}]},{\"@type\":\"BreadcrumbList\",\"@id\":\"https:\/\/www.metagroup.es\/?page_id=2118#breadcrumb\",\"itemListElement\":[{\"@type\":\"ListItem\",\"position\":1,\"name\":\"Portada\",\"item\":\"https:\/\/www.metagroup.es\/\"},{\"@type\":\"ListItem\",\"position\":2,\"name\":\"Politica de Cookies\"}]},{\"@type\":\"WebSite\",\"@id\":\"https:\/\/www.metagroup.es\/#website\",\"url\":\"https:\/\/www.metagroup.es\/\",\"name\":\"Metagroup\",\"description\":\"\",\"publisher\":{\"@id\":\"https:\/\/www.metagroup.es\/#organization\"},\"potentialAction\":[{\"@type\":\"SearchAction\",\"target\":{\"@type\":\"EntryPoint\",\"urlTemplate\":\"https:\/\/www.metagroup.es\/?s={search_term_string}\"},\"query-input\":{\"@type\":\"PropertyValueSpecification\",\"valueRequired\":true,\"valueName\":\"search_term_string\"}}],\"inLanguage\":\"es\"},{\"@type\":\"Organization\",\"@id\":\"https:\/\/www.metagroup.es\/#organization\",\"name\":\"Metagroup\",\"url\":\"https:\/\/www.metagroup.es\/\",\"logo\":{\"@type\":\"ImageObject\",\"inLanguage\":\"es\",\"@id\":\"https:\/\/www.metagroup.es\/#\/schema\/logo\/image\/\",\"url\":\"https:\/\/www.metagroup.es\/wp-content\/uploads\/2024\/03\/logo-horizontal-metagroup-propusta-copia-22.svg\",\"contentUrl\":\"https:\/\/www.metagroup.es\/wp-content\/uploads\/2024\/03\/logo-horizontal-metagroup-propusta-copia-22.svg\",\"caption\":\"Metagroup\"},\"image\":{\"@id\":\"https:\/\/www.metagroup.es\/#\/schema\/logo\/image\/\"}}]}<\/script>\n<!-- \/ Yoast SEO plugin. -->","yoast_head_json":{"title":"Politica de Cookies - Metagroup","robots":{"index":"index","follow":"follow","max-snippet":"max-snippet:-1","max-image-preview":"max-image-preview:large","max-video-preview":"max-video-preview:-1"},"canonical":"https:\/\/www.metagroup.es\/?page_id=2118","og_locale":"es_ES","og_type":"article","og_title":"Politica de Cookies - Metagroup","og_description":"DEFINICI\u00d3N DE COOKIESLas cookies son identificadores que enviamos al disco duro de su ordenador a trav\u00e9s de su navegador Web con el fin de que","og_url":"https:\/\/www.metagroup.es\/?page_id=2118","og_site_name":"Metagroup","article_modified_time":"2024-07-01T13:25:10+00:00","twitter_card":"summary_large_image","twitter_misc":{"Tiempo de lectura":"5 minutos"},"schema":{"@context":"https:\/\/schema.org","@graph":[{"@type":"WebPage","@id":"https:\/\/www.metagroup.es\/?page_id=2118","url":"https:\/\/www.metagroup.es\/?page_id=2118","name":"Politica de Cookies - Metagroup","isPartOf":{"@id":"https:\/\/www.metagroup.es\/#website"},"datePublished":"2024-07-01T13:22:28+00:00","dateModified":"2024-07-01T13:25:10+00:00","breadcrumb":{"@id":"https:\/\/www.metagroup.es\/?page_id=2118#breadcrumb"},"inLanguage":"es","potentialAction":[{"@type":"ReadAction","target":["https:\/\/www.metagroup.es\/?page_id=2118"]}]},{"@type":"BreadcrumbList","@id":"https:\/\/www.metagroup.es\/?page_id=2118#breadcrumb","itemListElement":[{"@type":"ListItem","position":1,"name":"Portada","item":"https:\/\/www.metagroup.es\/"},{"@type":"ListItem","position":2,"name":"Politica de Cookies"}]},{"@type":"WebSite","@id":"https:\/\/www.metagroup.es\/#website","url":"https:\/\/www.metagroup.es\/","name":"Metagroup","description":"","publisher":{"@id":"https:\/\/www.metagroup.es\/#organization"},"potentialAction":[{"@type":"SearchAction","target":{"@type":"EntryPoint","urlTemplate":"https:\/\/www.metagroup.es\/?s={search_term_string}"},"query-input":{"@type":"PropertyValueSpecification","valueRequired":true,"valueName":"search_term_string"}}],"inLanguage":"es"},{"@type":"Organization","@id":"https:\/\/www.metagroup.es\/#organization","name":"Metagroup","url":"https:\/\/www.metagroup.es\/","logo":{"@type":"ImageObject","inLanguage":"es","@id":"https:\/\/www.metagroup.es\/#\/schema\/logo\/image\/","url":"https:\/\/www.metagroup.es\/wp-content\/uploads\/2024\/03\/logo-horizontal-metagroup-propusta-copia-22.svg","contentUrl":"https:\/\/www.metagroup.es\/wp-content\/uploads\/2024\/03\/logo-horizontal-metagroup-propusta-copia-22.svg","caption":"Metagroup"},"image":{"@id":"https:\/\/www.metagroup.es\/#\/schema\/logo\/image\/"}}]}},"_links":{"self":[{"href":"https:\/\/www.metagroup.es\/index.php?rest_route=\/wp\/v2\/pages\/2118","targetHints":{"allow":["GET"]}}],"collection":[{"href":"https:\/\/www.metagroup.es\/index.php?rest_route=\/wp\/v2\/pages"}],"about":[{"href":"https:\/\/www.metagroup.es\/index.php?rest_route=\/wp\/v2\/types\/page"}],"author":[{"embeddable":true,"href":"https:\/\/www.metagroup.es\/index.php?rest_route=\/wp\/v2\/users\/1"}],"replies":[{"embeddable":true,"href":"https:\/\/www.metagroup.es\/index.php?rest_route=%2Fwp%2Fv2%2Fcomments&post=2118"}],"version-history":[{"count":4,"href":"https:\/\/www.metagroup.es\/index.php?rest_route=\/wp\/v2\/pages\/2118\/revisions"}],"predecessor-version":[{"id":2122,"href":"https:\/\/www.metagroup.es\/index.php?rest_route=\/wp\/v2\/pages\/2118\/revisions\/2122"}],"wp:attachment":[{"href":"https:\/\/www.metagroup.es\/index.php?rest_route=%2Fwp%2Fv2%2Fmedia&parent=2118"}],"curies":[{"name":"wp","href":"https:\/\/api.w.org\/{rel}","templated":true}]}}