{"id":3,"date":"2024-03-22T18:20:44","date_gmt":"2024-03-22T18:20:44","guid":{"rendered":"https:\/\/www.metagroup.es\/?page_id=3"},"modified":"2024-07-01T07:39:16","modified_gmt":"2024-07-01T12:39:16","slug":"privacy-policy","status":"publish","type":"page","link":"https:\/\/www.metagroup.es\/?page_id=3","title":{"rendered":"Politica de Privacidad"},"content":{"rendered":"\t\t<div data-elementor-type=\"wp-page\" data-elementor-id=\"3\" class=\"elementor elementor-3\" data-elementor-post-type=\"page\">\n\t\t\t\t<div class=\"elementor-element elementor-element-7040e073 e-flex e-con-boxed e-con e-parent\" data-id=\"7040e073\" data-element_type=\"container\" data-e-type=\"container\">\n\t\t\t\t\t<div class=\"e-con-inner\">\n\t\t\t\t<div class=\"elementor-element elementor-element-5d1af626 elementor-widget elementor-widget-text-editor\" data-id=\"5d1af626\" data-element_type=\"widget\" data-e-type=\"widget\" data-widget_type=\"text-editor.default\">\n\t\t\t\t<div class=\"elementor-widget-container\">\n\t\t\t\t\t\t\t\t\t<p>METAGROUP<strong> COLOMBIA<\/strong> <strong>S.A.S<\/strong>. informa seguidamente de su pol\u00edtica de privacidad aplicada a los datos personales. El uso de la p\u00e1gina web no implica que el usuario deba suministrar informaci\u00f3n alguna respecto a su identidad, no pudiendo ser asociada a un usuario concreto por la empresa. En el supuesto que se suministre datos de car\u00e1cter de personal, estos datos ser\u00e1n recogidos y utilizados conforme a las limitaciones y los derechos recogidos en la citada norma.<\/p>\n<p><strong>POL\u00cdTICA DE PRIVACIDAD<\/strong><\/p>\n<p><strong>\u00bfQUI\u00c9N ES EL RESPONSABLE DEL TRATAMIENTO DE SUS DATOS?<\/strong><\/p>\n<p>RESPONSABLE DEL TRATAMIENTO de sus datos es:<\/p>\n<p>METAGROUP COLOMBIA S.A.S. NIT: 901055136-8\u00a0 <br \/>Direcci\u00f3n: C\/ Carrera 54 75 AB SUR 220 LA ESTRELLA, MEDELL\u00cdN, ANTIOQUIA, COLOMBIA.\u00a0 <br \/>Correo electr\u00f3nico: ggranda@metagroup.es o info@metagroup.es<\/p>\n<p><strong>\u00bfQU\u00c9 TIPO DE DATOS TRATAMOS?<\/strong> <br \/>Dependiendo de los servicios de los que quiera disfrutar en cada momento necesitaremos tratar unos datos u otros. En general dichos datos, ser\u00e1n, seg\u00fan el caso, los siguientes:<br \/><span style=\"color: var(--heading-color); letter-spacing: 0px;\"><br \/>Datos identificativos (Por ejemplo: Su nombre, apellido, idioma, pa\u00eds desde el que interact\u00fae con nosotros, datos de contacto, etc.)<br \/><\/span><span style=\"color: var(--heading-color); letter-spacing: 0px;\">Datos de conexi\u00f3n, geolocalizaci\u00f3n y navegaci\u00f3n (en caso de que interact\u00fae con nosotros desde el m\u00f3vil, por ejemplo).\u00a0<br \/><\/span><span style=\"color: var(--heading-color); letter-spacing: 0px;\">Datos sobre sus gustos y preferencias. Recuerde que, cuando le pidamos que rellene sus datos personales para darle acceso a alguna funcionalidad o servicio de la web, marcaremos algunos campos como obligatorios, puesto que son datos que necesitamos para poder prestarle el servicio o darle acceso a la funcionalidad en cuesti\u00f3n.<\/span><\/p>\n<p>Por favor, tenga en cuenta que, si decide no facilitarnos esos datos, es posible que no pueda completar su registro como usuario o que no pueda disfrutar de esos servicios o funcionalidades.<\/p>\n<p><strong>\u00bfCON QU\u00c9 FINALIDAD TRATAMOS SUS DATOS PERSONALES?<\/strong> <br \/>Dependiendo de c\u00f3mo interact\u00fae con nuestra web, trataremos sus datos personales para las siguientes finalidades:<\/p>\n<p>1. Para atender las solicitudes o peticiones que realice a trav\u00e9s de los distintos medios incorporados a nuestra web. S\u00f3lo tratamos los datos personales que sean estrictamente necesarios para gestionar o resolver su solicitud o petici\u00f3n.<\/p>\n<p>2. An\u00e1lisis de usabilidad y de calidad para la mejora de nuestros servicios (Cookies) Si accede a nuestra Plataforma, le informamos de que trataremos sus datos de navegaci\u00f3n para fines anal\u00edticos y estad\u00edsticos, es decir, para entender la forma en la que los usuarios interact\u00faan con nuestra Plataforma y as\u00ed ser capaces de introducir mejoras en la misma. As\u00ed mismo, en ocasiones, realizamos acciones y encuestas de calidad destinadas a conocer el grado de satisfacci\u00f3n de nuestros clientes y usuarios y detectar aquellas \u00e1reas en las que podemos mejorar.<\/p>\n<p><strong>\u00bfCU\u00c1L ES LA LEGITIMACI\u00d3N PARA EL TRATAMIENTO DE SUS DATOS?<\/strong> <br \/>La base legal que nos permite tratar sus datos personales tambi\u00e9n depende de la finalidad para la que los tratemos, de este modo encontraremos distintas bases legales en virtud de las siguientes finalidades:<\/p>\n<p>1. Atenci\u00f3n solicitudes de informaci\u00f3n. La base legal para el tratamiento de sus datos es el consentimiento informado para dar respuesta a las consultas planteadas a trav\u00e9s de la p\u00e1gina web, lo que supone la aceptaci\u00f3n de estas condiciones por parte del interesado.\u00a0<\/p>\n<p>2. An\u00e1lisis de usabilidad y de calidad (Cookies) Consentimiento del usuario para la implantaci\u00f3n de cookies.<br \/><br \/><strong>\u00bfDURANTE CU\u00c1NTO TIEMPO CONSERVAREMOS SUS DATOS?<\/strong> <br \/>1. Solicitud de informaci\u00f3n. Trataremos sus datos durante el tiempo que sea necesario para atender su solicitud o petici\u00f3n y posteriormente 1 a\u00f1o. <br \/><br \/>2. An\u00e1lisis de usabilidad y de calidad (Cookies) Seg\u00fan lo establecido en la pol\u00edtica de cookies. <br \/><br \/><strong>\u00bfCOMPARTIREMOS SUS DATOS CON TERCEROS?<\/strong> <br \/>Los datos personales no ser\u00e1n cedidos o comunicados a terceros, salvo: obligaci\u00f3n legal, obtengamos su consentimiento expreso o entendamos que existe un inter\u00e9s leg\u00edtimo por nuestra parte, que le ser\u00e1 debidamente comunicado. <br \/><br \/><strong>\u00bfCU\u00c1LES SON SUS DERECHOS CUANDO NOS FACILITA SUS DATOS?<\/strong> <br \/>Nos comprometemos a respetar la confidencialidad de sus datos personales y a garantizarle el ejercicio de sus derechos. Podr\u00e1 ejercitarlos sin coste alguno remiti\u00e9ndonos un correo electr\u00f3nico a nuestra direcci\u00f3n ggranda@metagroup.es o info@metagroup.es, simplemente indic\u00e1ndonos el motivo de su solicitud y el derecho que quiere ejercitar.<br \/><br \/>En caso de que lo consideremos necesario para poder identificarle, podremos solicitarle copia de un documento acreditativo de su identidad. En particular, independientemente de la finalidad o la base legal en virtud de la que tratemos sus datos, usted tiene derecho a: Pedirnos acceso a los datos suyos de los que disponemos. Pedirnos que rectifiquemos los datos de los que ya disponemos. Tenga en cuenta que, al facilitarnos activamente sus datos personales por cualquier v\u00eda, garantiza que son ciertos y exactos y se comprometes a notificarnos cualquier cambio o modificaci\u00f3n de los mismos. Pedirnos que suprimamos sus datos en la medida en que ya no sean necesarios para la finalidad para los que necesitemos tratarlos seg\u00fan te hemos informado con anterioridad, o en que ya no contemos con legitimaci\u00f3n para hacerlo. Pedirnos que limitemos el tratamiento de sus datos, lo que supone que en determinados casos pueda solicitarnos que suspendamos temporalmente el tratamiento de los datos o que los conservemos m\u00e1s all\u00e1 del tiempo necesario cuando puedas necesitarlo. Si nos ha proporcionado su consentimiento para el tratamiento de sus datos para cualquier finalidad, tambi\u00e9n tiene derecho a retirarlo en cualquier momento.\u00a0<br \/><br \/>Recibir aquellos datos personales que le incumban y que nos haya facilitado, en un formato estructurado, de uso com\u00fan y lectura mec\u00e1nica, as\u00ed como a transmitirlos a otro responsable del tratamiento. Por otra parte, cuando el tratamiento de sus datos est\u00e9 basado en nuestro inter\u00e9s leg\u00edtimo, tambi\u00e9n tendr\u00e1s derecho a oponerte al tratamiento de sus datos. Por \u00faltimo, le informamos de su derecho a presentar una reclamaci\u00f3n ante la autoridad de control en materia de protecci\u00f3n de datos pertinente. <br \/><br \/><strong>CAMBIOS A LA POL\u00cdTICA DE PRIVACIDAD.<\/strong> <br \/>Es posible que modifiquemos la informaci\u00f3n contenida en esta Pol\u00edtica de Privacidad cuando lo estimemos conveniente. En caso de que lo hagamos, se lo notificaremos por distintas v\u00edas a trav\u00e9s de la Plataforma, o incluso se lo comunicaremos a su direcci\u00f3n de correo electr\u00f3nico cuando el cambio en cuesti\u00f3n sea significativo para con su privacidad, de manera que pueda revisar los cambios, valorarlos y, en su caso, oponerse o darse de baja en alg\u00fan servicio o funcionalidad. INFORMACI\u00d3N SOBRE COOKIES Utilizamos cookies y dispositivos similares para facilitar su navegaci\u00f3n en la Plataforma, conocer c\u00f3mo interact\u00faa con nosotros y, en determinados casos, poder mostrarle publicidad en funci\u00f3n de sus h\u00e1bitos de navegaci\u00f3n. Por favor, lea nuestra Pol\u00edtica de Cookies para conocer con mayor detalle las cookies y dispositivos similares que usamos, su finalidad y otra informaci\u00f3n de inter\u00e9s.<\/p>\t\t\t\t\t\t\t\t<\/div>\n\t\t\t\t<\/div>\n\t\t\t\t\t<\/div>\n\t\t\t\t<\/div>\n\t\t\t\t<\/div>\n\t\t","protected":false},"excerpt":{"rendered":"<p>METAGROUP COLOMBIA S.A.S. informa seguidamente de su pol\u00edtica de privacidad aplicada a los datos personales. El uso de la p\u00e1gina web no implica que el<\/p>\n","protected":false},"author":1,"featured_media":0,"parent":0,"menu_order":0,"comment_status":"closed","ping_status":"closed","template":"elementor_header_footer","meta":{"footnotes":""},"class_list":["post-3","page","type-page","status-publish","hentry"],"yoast_head":"<!-- This site is optimized with the Yoast SEO plugin v25.6 - https:\/\/yoast.com\/wordpress\/plugins\/seo\/ -->\n<title>Politica de Privacidad - Metagroup<\/title>\n<meta name=\"robots\" content=\"index, follow, max-snippet:-1, max-image-preview:large, max-video-preview:-1\" \/>\n<link rel=\"canonical\" href=\"https:\/\/www.metagroup.es\/?page_id=3\" \/>\n<meta property=\"og:locale\" content=\"es_ES\" \/>\n<meta property=\"og:type\" content=\"article\" \/>\n<meta property=\"og:title\" content=\"Politica de Privacidad - Metagroup\" \/>\n<meta property=\"og:description\" content=\"METAGROUP COLOMBIA S.A.S. informa seguidamente de su pol\u00edtica de privacidad aplicada a los datos personales. El uso de la p\u00e1gina web no implica que el\" \/>\n<meta property=\"og:url\" content=\"https:\/\/www.metagroup.es\/?page_id=3\" \/>\n<meta property=\"og:site_name\" content=\"Metagroup\" \/>\n<meta property=\"article:modified_time\" content=\"2024-07-01T12:39:16+00:00\" \/>\n<meta name=\"twitter:card\" content=\"summary_large_image\" \/>\n<meta name=\"twitter:label1\" content=\"Tiempo de lectura\" \/>\n\t<meta name=\"twitter:data1\" content=\"5 minutos\" \/>\n<script type=\"application\/ld+json\" class=\"yoast-schema-graph\">{\"@context\":\"https:\/\/schema.org\",\"@graph\":[{\"@type\":\"WebPage\",\"@id\":\"https:\/\/www.metagroup.es\/?page_id=3\",\"url\":\"https:\/\/www.metagroup.es\/?page_id=3\",\"name\":\"Politica de Privacidad - Metagroup\",\"isPartOf\":{\"@id\":\"https:\/\/www.metagroup.es\/#website\"},\"datePublished\":\"2024-03-22T18:20:44+00:00\",\"dateModified\":\"2024-07-01T12:39:16+00:00\",\"breadcrumb\":{\"@id\":\"https:\/\/www.metagroup.es\/?page_id=3#breadcrumb\"},\"inLanguage\":\"es\",\"potentialAction\":[{\"@type\":\"ReadAction\",\"target\":[\"https:\/\/www.metagroup.es\/?page_id=3\"]}]},{\"@type\":\"BreadcrumbList\",\"@id\":\"https:\/\/www.metagroup.es\/?page_id=3#breadcrumb\",\"itemListElement\":[{\"@type\":\"ListItem\",\"position\":1,\"name\":\"Portada\",\"item\":\"https:\/\/www.metagroup.es\/\"},{\"@type\":\"ListItem\",\"position\":2,\"name\":\"Politica de Privacidad\"}]},{\"@type\":\"WebSite\",\"@id\":\"https:\/\/www.metagroup.es\/#website\",\"url\":\"https:\/\/www.metagroup.es\/\",\"name\":\"Metagroup\",\"description\":\"\",\"publisher\":{\"@id\":\"https:\/\/www.metagroup.es\/#organization\"},\"potentialAction\":[{\"@type\":\"SearchAction\",\"target\":{\"@type\":\"EntryPoint\",\"urlTemplate\":\"https:\/\/www.metagroup.es\/?s={search_term_string}\"},\"query-input\":{\"@type\":\"PropertyValueSpecification\",\"valueRequired\":true,\"valueName\":\"search_term_string\"}}],\"inLanguage\":\"es\"},{\"@type\":\"Organization\",\"@id\":\"https:\/\/www.metagroup.es\/#organization\",\"name\":\"Metagroup\",\"url\":\"https:\/\/www.metagroup.es\/\",\"logo\":{\"@type\":\"ImageObject\",\"inLanguage\":\"es\",\"@id\":\"https:\/\/www.metagroup.es\/#\/schema\/logo\/image\/\",\"url\":\"https:\/\/www.metagroup.es\/wp-content\/uploads\/2024\/03\/logo-horizontal-metagroup-propusta-copia-22.svg\",\"contentUrl\":\"https:\/\/www.metagroup.es\/wp-content\/uploads\/2024\/03\/logo-horizontal-metagroup-propusta-copia-22.svg\",\"caption\":\"Metagroup\"},\"image\":{\"@id\":\"https:\/\/www.metagroup.es\/#\/schema\/logo\/image\/\"}}]}<\/script>\n<!-- \/ Yoast SEO plugin. -->","yoast_head_json":{"title":"Politica de Privacidad - Metagroup","robots":{"index":"index","follow":"follow","max-snippet":"max-snippet:-1","max-image-preview":"max-image-preview:large","max-video-preview":"max-video-preview:-1"},"canonical":"https:\/\/www.metagroup.es\/?page_id=3","og_locale":"es_ES","og_type":"article","og_title":"Politica de Privacidad - Metagroup","og_description":"METAGROUP COLOMBIA S.A.S. informa seguidamente de su pol\u00edtica de privacidad aplicada a los datos personales. El uso de la p\u00e1gina web no implica que el","og_url":"https:\/\/www.metagroup.es\/?page_id=3","og_site_name":"Metagroup","article_modified_time":"2024-07-01T12:39:16+00:00","twitter_card":"summary_large_image","twitter_misc":{"Tiempo de lectura":"5 minutos"},"schema":{"@context":"https:\/\/schema.org","@graph":[{"@type":"WebPage","@id":"https:\/\/www.metagroup.es\/?page_id=3","url":"https:\/\/www.metagroup.es\/?page_id=3","name":"Politica de Privacidad - Metagroup","isPartOf":{"@id":"https:\/\/www.metagroup.es\/#website"},"datePublished":"2024-03-22T18:20:44+00:00","dateModified":"2024-07-01T12:39:16+00:00","breadcrumb":{"@id":"https:\/\/www.metagroup.es\/?page_id=3#breadcrumb"},"inLanguage":"es","potentialAction":[{"@type":"ReadAction","target":["https:\/\/www.metagroup.es\/?page_id=3"]}]},{"@type":"BreadcrumbList","@id":"https:\/\/www.metagroup.es\/?page_id=3#breadcrumb","itemListElement":[{"@type":"ListItem","position":1,"name":"Portada","item":"https:\/\/www.metagroup.es\/"},{"@type":"ListItem","position":2,"name":"Politica de Privacidad"}]},{"@type":"WebSite","@id":"https:\/\/www.metagroup.es\/#website","url":"https:\/\/www.metagroup.es\/","name":"Metagroup","description":"","publisher":{"@id":"https:\/\/www.metagroup.es\/#organization"},"potentialAction":[{"@type":"SearchAction","target":{"@type":"EntryPoint","urlTemplate":"https:\/\/www.metagroup.es\/?s={search_term_string}"},"query-input":{"@type":"PropertyValueSpecification","valueRequired":true,"valueName":"search_term_string"}}],"inLanguage":"es"},{"@type":"Organization","@id":"https:\/\/www.metagroup.es\/#organization","name":"Metagroup","url":"https:\/\/www.metagroup.es\/","logo":{"@type":"ImageObject","inLanguage":"es","@id":"https:\/\/www.metagroup.es\/#\/schema\/logo\/image\/","url":"https:\/\/www.metagroup.es\/wp-content\/uploads\/2024\/03\/logo-horizontal-metagroup-propusta-copia-22.svg","contentUrl":"https:\/\/www.metagroup.es\/wp-content\/uploads\/2024\/03\/logo-horizontal-metagroup-propusta-copia-22.svg","caption":"Metagroup"},"image":{"@id":"https:\/\/www.metagroup.es\/#\/schema\/logo\/image\/"}}]}},"_links":{"self":[{"href":"https:\/\/www.metagroup.es\/index.php?rest_route=\/wp\/v2\/pages\/3","targetHints":{"allow":["GET"]}}],"collection":[{"href":"https:\/\/www.metagroup.es\/index.php?rest_route=\/wp\/v2\/pages"}],"about":[{"href":"https:\/\/www.metagroup.es\/index.php?rest_route=\/wp\/v2\/types\/page"}],"author":[{"embeddable":true,"href":"https:\/\/www.metagroup.es\/index.php?rest_route=\/wp\/v2\/users\/1"}],"replies":[{"embeddable":true,"href":"https:\/\/www.metagroup.es\/index.php?rest_route=%2Fwp%2Fv2%2Fcomments&post=3"}],"version-history":[{"count":7,"href":"https:\/\/www.metagroup.es\/index.php?rest_route=\/wp\/v2\/pages\/3\/revisions"}],"predecessor-version":[{"id":2048,"href":"https:\/\/www.metagroup.es\/index.php?rest_route=\/wp\/v2\/pages\/3\/revisions\/2048"}],"wp:attachment":[{"href":"https:\/\/www.metagroup.es\/index.php?rest_route=%2Fwp%2Fv2%2Fmedia&parent=3"}],"curies":[{"name":"wp","href":"https:\/\/api.w.org\/{rel}","templated":true}]}}